{"id":165,"date":"2020-11-06T19:42:36","date_gmt":"2020-11-06T18:42:36","guid":{"rendered":"https:\/\/agroprojetsetudes.fr\/?page_id=165"},"modified":"2024-10-30T09:28:46","modified_gmt":"2024-10-30T08:28:46","slug":"notre-histoire","status":"publish","type":"page","link":"https:\/\/www.agroprojetsetudes.fr\/index.php\/notre-histoire\/","title":{"rendered":"Notre histoire"},"content":{"rendered":"\t\t<div data-elementor-type=\"wp-post\" data-elementor-id=\"165\" class=\"elementor elementor-165\">\n\t\t\t\t\t\t<section class=\"elementor-section elementor-top-section elementor-element elementor-element-d40af97 elementor-section-boxed elementor-section-height-default elementor-section-height-default\" data-id=\"d40af97\" data-element_type=\"section\" data-e-type=\"section\">\n\t\t\t\t\t\t<div class=\"elementor-container elementor-column-gap-default\">\n\t\t\t\t\t<div class=\"elementor-column elementor-col-100 elementor-top-column elementor-element elementor-element-f06e441\" data-id=\"f06e441\" data-element_type=\"column\" data-e-type=\"column\">\n\t\t\t<div class=\"elementor-widget-wrap elementor-element-populated\">\n\t\t\t\t\t\t<div class=\"elementor-element elementor-element-e5eb6d0 elementor-widget elementor-widget-heading\" data-id=\"e5eb6d0\" data-element_type=\"widget\" data-e-type=\"widget\" data-widget_type=\"heading.default\">\n\t\t\t\t<div class=\"elementor-widget-container\">\n\t\t\t\t\t<h5 class=\"elementor-heading-title elementor-size-default\">D\u00e9couvrez notre histoire depuis la cr\u00e9ation de la Junior entreprise APE \u00e0 l'Isara :<\/h5>\t\t\t\t<\/div>\n\t\t\t\t<\/div>\n\t\t\t\t<div class=\"elementor-element elementor-element-33f0a18 elementor-widget elementor-widget-image\" data-id=\"33f0a18\" data-element_type=\"widget\" data-e-type=\"widget\" data-widget_type=\"image.default\">\n\t\t\t\t<div class=\"elementor-widget-container\">\n\t\t\t\t\t\t\t\t\t\t\t\t\t\t\t<img fetchpriority=\"high\" decoding=\"async\" width=\"653\" height=\"949\" src=\"https:\/\/www.agroprojetsetudes.fr\/wp-content\/uploads\/2024\/10\/NOTRE-HISTOIRE-3-1.png\" class=\"attachment-full size-full wp-image-3494\" alt=\"\" srcset=\"https:\/\/www.agroprojetsetudes.fr\/wp-content\/uploads\/2024\/10\/NOTRE-HISTOIRE-3-1.png 653w, https:\/\/www.agroprojetsetudes.fr\/wp-content\/uploads\/2024\/10\/NOTRE-HISTOIRE-3-1-206x300.png 206w\" sizes=\"(max-width: 653px) 100vw, 653px\" \/>\t\t\t\t\t\t\t\t\t\t\t\t\t\t\t<\/div>\n\t\t\t\t<\/div>\n\t\t\t\t\t<\/div>\n\t\t<\/div>\n\t\t\t\t\t<\/div>\n\t\t<\/section>\n\t\t\t\t<section class=\"elementor-section elementor-top-section elementor-element elementor-element-r7893iv elementor-section-content-middle elementor-section-boxed elementor-section-height-default elementor-section-height-default\" data-id=\"r7893iv\" data-element_type=\"section\" data-e-type=\"section\" data-settings=\"{&quot;background_background&quot;:&quot;classic&quot;}\">\n\t\t\t\t\t\t\t<div class=\"elementor-background-overlay\"><\/div>\n\t\t\t\t\t\t\t<div class=\"elementor-container elementor-column-gap-no\">\n\t\t\t\t\t<div class=\"elementor-column elementor-col-100 elementor-top-column elementor-element elementor-element-116f2ae\" data-id=\"116f2ae\" data-element_type=\"column\" data-e-type=\"column\">\n\t\t\t<div class=\"elementor-widget-wrap elementor-element-populated\">\n\t\t\t\t\t\t<div class=\"elementor-element elementor-element-0800370 elementor-widget__width-initial elementor-widget elementor-widget-heading\" data-id=\"0800370\" data-element_type=\"widget\" data-e-type=\"widget\" data-widget_type=\"heading.default\">\n\t\t\t\t<div class=\"elementor-widget-container\">\n\t\t\t\t\t<h5 class=\"elementor-heading-title elementor-size-default\">Le mouvement des Junior-Entreprises, acteur historique du paysage \u00e9tudiant fran\u00e7ais depuis pr\u00e8s de 50 ans, s\u2019impose comme le premier mouvement \u00e9tudiant de France. <br>\nImplant\u00e9es dans environ 200 \u00e9tablissements d\u2019enseignement sup\u00e9rieur r\u00e9partis sur 83 villes, les Junior-Entreprises offrent aux entreprises un acc\u00e8s privil\u00e9gi\u00e9 \u00e0 des comp\u00e9tences pointues et \u00e0 la vision innovante des futurs talents.\n<br><br>\n\nCes structures, profond\u00e9ment enracin\u00e9es dans le monde acad\u00e9mique, se positionnent comme des incubateurs d\u2019innovation et d\u2019excellence. Leur pr\u00e9sence dynamique t\u00e9moigne de l\u2019engagement des \u00e9tudiants en faveur de l\u2019entrepreneuriat et du d\u00e9veloppement professionnel.\n<br>\nFond\u00e9 sur une ambition claire, le mouvement permet aux \u00e9tudiants de mettre en pratique leurs connaissances th\u00e9oriques dans un cadre professionnel r\u00e9el, facilitant ainsi leur transition vers le monde du travail.\n<br><br>\nLes Junior-Entreprises facilitent une int\u00e9gration fluide entre l\u2019enseignement et la sph\u00e8re professionnelle, en permettant aux \u00e9tudiants de d\u00e9velopper des comp\u00e9tences essentielles pour r\u00e9pondre aux enjeux de leur future carri\u00e8re.\n<br>\nGr\u00e2ce \u00e0 leur r\u00e9seau national, les Junior-Entreprises cr\u00e9ent un \u00e9cosyst\u00e8me unique de collaboration entre \u00e9tudiants, \u00e9tablissements d\u2019enseignement sup\u00e9rieur et entreprises. \n<br>\nCette synergie contribue \u00e0 renforcer les liens entre l'\u00e9ducation et le monde professionnel, tout en enrichissant l\u2019\u00e9cosyst\u00e8me acad\u00e9mique.\n<br>\nEn conjuguant expertise acad\u00e9mique et exp\u00e9rience de terrain, les Junior-Entreprises fa\u00e7onnent une nouvelle g\u00e9n\u00e9ration de professionnels, pr\u00eats \u00e0 relever les d\u00e9fis de demain.\n<br><br>\n\nNotre histoire continue de s'\u00e9crire, port\u00e9e par l'engagement constant des \u00e9tudiants.\n<br>\nEnsemble, nous construisons un avenir o\u00f9 l'excellence acad\u00e9mique rencontre l'innovation professionnelle.<\/h5>\t\t\t\t<\/div>\n\t\t\t\t<\/div>\n\t\t\t\t\t<\/div>\n\t\t<\/div>\n\t\t\t\t\t<\/div>\n\t\t<\/section>\n\t\t\t\t<\/div>\n\t\t","protected":false},"excerpt":{"rendered":"<p>D\u00e9couvrez notre histoire depuis la cr\u00e9ation de la Junior entreprise APE \u00e0 l&rsquo;Isara : Le mouvement des Junior-Entreprises, acteur historique du paysage \u00e9tudiant fran\u00e7ais depuis pr\u00e8s de 50 ans, s\u2019impose comme le premier mouvement \u00e9tudiant de France. Implant\u00e9es dans environ 200 \u00e9tablissements d\u2019enseignement sup\u00e9rieur r\u00e9partis sur 83 villes, les Junior-Entreprises offrent aux entreprises un acc\u00e8s [&hellip;]<\/p>\n","protected":false},"author":1,"featured_media":0,"parent":0,"menu_order":0,"comment_status":"closed","ping_status":"closed","template":"","meta":{"_eb_attr":"","_uag_custom_page_level_css":"","site-sidebar-layout":"default","site-content-layout":"default","ast-site-content-layout":"","site-content-style":"default","site-sidebar-style":"default","ast-global-header-display":"","ast-banner-title-visibility":"","ast-main-header-display":"","ast-hfb-above-header-display":"","ast-hfb-below-header-display":"","ast-hfb-mobile-header-display":"","site-post-title":"","ast-breadcrumbs-content":"","ast-featured-img":"","footer-sml-layout":"","theme-transparent-header-meta":"default","adv-header-id-meta":"","stick-header-meta":"","header-above-stick-meta":"","header-main-stick-meta":"","header-below-stick-meta":"","astra-migrate-meta-layouts":"default","ast-page-background-enabled":"default","ast-page-background-meta":{"desktop":{"background-color":"var(--ast-global-color-4)","background-image":"","background-repeat":"repeat","background-position":"center center","background-size":"auto","background-attachment":"scroll","background-type":"","background-media":"","overlay-type":"","overlay-color":"","overlay-opacity":"","overlay-gradient":""},"tablet":{"background-color":"","background-image":"","background-repeat":"repeat","background-position":"center center","background-size":"auto","background-attachment":"scroll","background-type":"","background-media":"","overlay-type":"","overlay-color":"","overlay-opacity":"","overlay-gradient":""},"mobile":{"background-color":"","background-image":"","background-repeat":"repeat","background-position":"center center","background-size":"auto","background-attachment":"scroll","background-type":"","background-media":"","overlay-type":"","overlay-color":"","overlay-opacity":"","overlay-gradient":""}},"ast-content-background-meta":{"desktop":{"background-color":"var(--ast-global-color-5)","background-image":"","background-repeat":"repeat","background-position":"center center","background-size":"auto","background-attachment":"scroll","background-type":"","background-media":"","overlay-type":"","overlay-color":"","overlay-opacity":"","overlay-gradient":""},"tablet":{"background-color":"var(--ast-global-color-5)","background-image":"","background-repeat":"repeat","background-position":"center center","background-size":"auto","background-attachment":"scroll","background-type":"","background-media":"","overlay-type":"","overlay-color":"","overlay-opacity":"","overlay-gradient":""},"mobile":{"background-color":"var(--ast-global-color-5)","background-image":"","background-repeat":"repeat","background-position":"center center","background-size":"auto","background-attachment":"scroll","background-type":"","background-media":"","overlay-type":"","overlay-color":"","overlay-opacity":"","overlay-gradient":""}},"footnotes":""},"class_list":["post-165","page","type-page","status-publish","hentry"],"yoast_head":"<!-- This site is optimized with the Yoast SEO plugin v27.4 - https:\/\/yoast.com\/product\/yoast-seo-wordpress\/ -->\n<title>Notre histoire - Agro Projets \u00c9tudes<\/title>\n<meta name=\"description\" content=\"Explorez les chapitres de notre histoire, ponctu\u00e9s d&#039;engagement et d&#039;innovation et d\u00e9couvrez comment notre parcours unique continue d&#039;\u00e9voluer!\" \/>\n<meta name=\"robots\" content=\"index, follow, max-snippet:-1, max-image-preview:large, max-video-preview:-1\" \/>\n<link rel=\"canonical\" href=\"https:\/\/www.agroprojetsetudes.fr\/index.php\/notre-histoire\/\" \/>\n<meta property=\"og:locale\" content=\"fr_FR\" \/>\n<meta property=\"og:type\" content=\"article\" \/>\n<meta property=\"og:title\" content=\"Notre histoire - Agro Projets \u00c9tudes\" \/>\n<meta property=\"og:description\" content=\"Explorez les chapitres de notre histoire, ponctu\u00e9s d&#039;engagement et d&#039;innovation et d\u00e9couvrez comment notre parcours unique continue d&#039;\u00e9voluer!\" \/>\n<meta property=\"og:url\" content=\"https:\/\/www.agroprojetsetudes.fr\/index.php\/notre-histoire\/\" \/>\n<meta property=\"og:site_name\" content=\"Agro Projets \u00c9tudes\" \/>\n<meta property=\"article:publisher\" content=\"https:\/\/www.facebook.com\/AgroProjetsEtudes\" \/>\n<meta property=\"article:modified_time\" content=\"2024-10-30T08:28:46+00:00\" \/>\n<meta property=\"og:image\" content=\"https:\/\/www.agroprojetsetudes.fr\/wp-content\/uploads\/2024\/10\/NOTRE-HISTOIRE-3-1.png\" \/>\n<meta name=\"twitter:card\" content=\"summary_large_image\" \/>\n<meta name=\"twitter:label1\" content=\"Dur\u00e9e de lecture estim\u00e9e\" \/>\n\t<meta name=\"twitter:data1\" content=\"2 minutes\" \/>\n<script type=\"application\/ld+json\" class=\"yoast-schema-graph\">{\"@context\":\"https:\\\/\\\/schema.org\",\"@graph\":[{\"@type\":\"WebPage\",\"@id\":\"https:\\\/\\\/www.agroprojetsetudes.fr\\\/index.php\\\/notre-histoire\\\/\",\"url\":\"https:\\\/\\\/www.agroprojetsetudes.fr\\\/index.php\\\/notre-histoire\\\/\",\"name\":\"Notre histoire - Agro Projets \u00c9tudes\",\"isPartOf\":{\"@id\":\"https:\\\/\\\/www.agroprojetsetudes.fr\\\/#website\"},\"primaryImageOfPage\":{\"@id\":\"https:\\\/\\\/www.agroprojetsetudes.fr\\\/index.php\\\/notre-histoire\\\/#primaryimage\"},\"image\":{\"@id\":\"https:\\\/\\\/www.agroprojetsetudes.fr\\\/index.php\\\/notre-histoire\\\/#primaryimage\"},\"thumbnailUrl\":\"https:\\\/\\\/www.agroprojetsetudes.fr\\\/wp-content\\\/uploads\\\/2024\\\/10\\\/NOTRE-HISTOIRE-3-1.png\",\"datePublished\":\"2020-11-06T18:42:36+00:00\",\"dateModified\":\"2024-10-30T08:28:46+00:00\",\"description\":\"Explorez les chapitres de notre histoire, ponctu\u00e9s d'engagement et d'innovation et d\u00e9couvrez comment notre parcours unique continue d'\u00e9voluer!\",\"breadcrumb\":{\"@id\":\"https:\\\/\\\/www.agroprojetsetudes.fr\\\/index.php\\\/notre-histoire\\\/#breadcrumb\"},\"inLanguage\":\"fr-FR\",\"potentialAction\":[{\"@type\":\"ReadAction\",\"target\":[\"https:\\\/\\\/www.agroprojetsetudes.fr\\\/index.php\\\/notre-histoire\\\/\"]}]},{\"@type\":\"ImageObject\",\"inLanguage\":\"fr-FR\",\"@id\":\"https:\\\/\\\/www.agroprojetsetudes.fr\\\/index.php\\\/notre-histoire\\\/#primaryimage\",\"url\":\"https:\\\/\\\/www.agroprojetsetudes.fr\\\/wp-content\\\/uploads\\\/2024\\\/10\\\/NOTRE-HISTOIRE-3-1.png\",\"contentUrl\":\"https:\\\/\\\/www.agroprojetsetudes.fr\\\/wp-content\\\/uploads\\\/2024\\\/10\\\/NOTRE-HISTOIRE-3-1.png\",\"width\":653,\"height\":949},{\"@type\":\"BreadcrumbList\",\"@id\":\"https:\\\/\\\/www.agroprojetsetudes.fr\\\/index.php\\\/notre-histoire\\\/#breadcrumb\",\"itemListElement\":[{\"@type\":\"ListItem\",\"position\":1,\"name\":\"Accueil\",\"item\":\"https:\\\/\\\/www.agroprojetsetudes.fr\\\/\"},{\"@type\":\"ListItem\",\"position\":2,\"name\":\"Notre histoire\"}]},{\"@type\":\"WebSite\",\"@id\":\"https:\\\/\\\/www.agroprojetsetudes.fr\\\/#website\",\"url\":\"https:\\\/\\\/www.agroprojetsetudes.fr\\\/\",\"name\":\"Agro Projets \u00c9tudes\",\"description\":\"Junior Entreprise de l&#039;Isara Lyon\",\"publisher\":{\"@id\":\"https:\\\/\\\/www.agroprojetsetudes.fr\\\/#organization\"},\"potentialAction\":[{\"@type\":\"SearchAction\",\"target\":{\"@type\":\"EntryPoint\",\"urlTemplate\":\"https:\\\/\\\/www.agroprojetsetudes.fr\\\/?s={search_term_string}\"},\"query-input\":{\"@type\":\"PropertyValueSpecification\",\"valueRequired\":true,\"valueName\":\"search_term_string\"}}],\"inLanguage\":\"fr-FR\"},{\"@type\":\"Organization\",\"@id\":\"https:\\\/\\\/www.agroprojetsetudes.fr\\\/#organization\",\"name\":\"Agro Projets \u00c9tudes\",\"url\":\"https:\\\/\\\/www.agroprojetsetudes.fr\\\/\",\"logo\":{\"@type\":\"ImageObject\",\"inLanguage\":\"fr-FR\",\"@id\":\"https:\\\/\\\/www.agroprojetsetudes.fr\\\/#\\\/schema\\\/logo\\\/image\\\/\",\"url\":\"https:\\\/\\\/www.agroprojetsetudes.fr\\\/wp-content\\\/uploads\\\/2022\\\/01\\\/cropped-Frame1.png\",\"contentUrl\":\"https:\\\/\\\/www.agroprojetsetudes.fr\\\/wp-content\\\/uploads\\\/2022\\\/01\\\/cropped-Frame1.png\",\"width\":1892,\"height\":836,\"caption\":\"Agro Projets \u00c9tudes\"},\"image\":{\"@id\":\"https:\\\/\\\/www.agroprojetsetudes.fr\\\/#\\\/schema\\\/logo\\\/image\\\/\"},\"sameAs\":[\"https:\\\/\\\/www.facebook.com\\\/AgroProjetsEtudes\",\"https:\\\/\\\/www.instagram.com\\\/agroprojetsetudes\\\/\",\"https:\\\/\\\/www.linkedin.com\\\/company\\\/agroprojetsetudes\\\/mycompany\\\/\"]}]}<\/script>\n<!-- \/ Yoast SEO plugin. -->","yoast_head_json":{"title":"Notre histoire - Agro Projets \u00c9tudes","description":"Explorez les chapitres de notre histoire, ponctu\u00e9s d'engagement et d'innovation et d\u00e9couvrez comment notre parcours unique continue d'\u00e9voluer!","robots":{"index":"index","follow":"follow","max-snippet":"max-snippet:-1","max-image-preview":"max-image-preview:large","max-video-preview":"max-video-preview:-1"},"canonical":"https:\/\/www.agroprojetsetudes.fr\/index.php\/notre-histoire\/","og_locale":"fr_FR","og_type":"article","og_title":"Notre histoire - Agro Projets \u00c9tudes","og_description":"Explorez les chapitres de notre histoire, ponctu\u00e9s d'engagement et d'innovation et d\u00e9couvrez comment notre parcours unique continue d'\u00e9voluer!","og_url":"https:\/\/www.agroprojetsetudes.fr\/index.php\/notre-histoire\/","og_site_name":"Agro Projets \u00c9tudes","article_publisher":"https:\/\/www.facebook.com\/AgroProjetsEtudes","article_modified_time":"2024-10-30T08:28:46+00:00","og_image":[{"url":"https:\/\/www.agroprojetsetudes.fr\/wp-content\/uploads\/2024\/10\/NOTRE-HISTOIRE-3-1.png","type":"","width":"","height":""}],"twitter_card":"summary_large_image","twitter_misc":{"Dur\u00e9e de lecture estim\u00e9e":"2 minutes"},"schema":{"@context":"https:\/\/schema.org","@graph":[{"@type":"WebPage","@id":"https:\/\/www.agroprojetsetudes.fr\/index.php\/notre-histoire\/","url":"https:\/\/www.agroprojetsetudes.fr\/index.php\/notre-histoire\/","name":"Notre histoire - Agro Projets \u00c9tudes","isPartOf":{"@id":"https:\/\/www.agroprojetsetudes.fr\/#website"},"primaryImageOfPage":{"@id":"https:\/\/www.agroprojetsetudes.fr\/index.php\/notre-histoire\/#primaryimage"},"image":{"@id":"https:\/\/www.agroprojetsetudes.fr\/index.php\/notre-histoire\/#primaryimage"},"thumbnailUrl":"https:\/\/www.agroprojetsetudes.fr\/wp-content\/uploads\/2024\/10\/NOTRE-HISTOIRE-3-1.png","datePublished":"2020-11-06T18:42:36+00:00","dateModified":"2024-10-30T08:28:46+00:00","description":"Explorez les chapitres de notre histoire, ponctu\u00e9s d'engagement et d'innovation et d\u00e9couvrez comment notre parcours unique continue d'\u00e9voluer!","breadcrumb":{"@id":"https:\/\/www.agroprojetsetudes.fr\/index.php\/notre-histoire\/#breadcrumb"},"inLanguage":"fr-FR","potentialAction":[{"@type":"ReadAction","target":["https:\/\/www.agroprojetsetudes.fr\/index.php\/notre-histoire\/"]}]},{"@type":"ImageObject","inLanguage":"fr-FR","@id":"https:\/\/www.agroprojetsetudes.fr\/index.php\/notre-histoire\/#primaryimage","url":"https:\/\/www.agroprojetsetudes.fr\/wp-content\/uploads\/2024\/10\/NOTRE-HISTOIRE-3-1.png","contentUrl":"https:\/\/www.agroprojetsetudes.fr\/wp-content\/uploads\/2024\/10\/NOTRE-HISTOIRE-3-1.png","width":653,"height":949},{"@type":"BreadcrumbList","@id":"https:\/\/www.agroprojetsetudes.fr\/index.php\/notre-histoire\/#breadcrumb","itemListElement":[{"@type":"ListItem","position":1,"name":"Accueil","item":"https:\/\/www.agroprojetsetudes.fr\/"},{"@type":"ListItem","position":2,"name":"Notre histoire"}]},{"@type":"WebSite","@id":"https:\/\/www.agroprojetsetudes.fr\/#website","url":"https:\/\/www.agroprojetsetudes.fr\/","name":"Agro Projets \u00c9tudes","description":"Junior Entreprise de l&#039;Isara Lyon","publisher":{"@id":"https:\/\/www.agroprojetsetudes.fr\/#organization"},"potentialAction":[{"@type":"SearchAction","target":{"@type":"EntryPoint","urlTemplate":"https:\/\/www.agroprojetsetudes.fr\/?s={search_term_string}"},"query-input":{"@type":"PropertyValueSpecification","valueRequired":true,"valueName":"search_term_string"}}],"inLanguage":"fr-FR"},{"@type":"Organization","@id":"https:\/\/www.agroprojetsetudes.fr\/#organization","name":"Agro Projets \u00c9tudes","url":"https:\/\/www.agroprojetsetudes.fr\/","logo":{"@type":"ImageObject","inLanguage":"fr-FR","@id":"https:\/\/www.agroprojetsetudes.fr\/#\/schema\/logo\/image\/","url":"https:\/\/www.agroprojetsetudes.fr\/wp-content\/uploads\/2022\/01\/cropped-Frame1.png","contentUrl":"https:\/\/www.agroprojetsetudes.fr\/wp-content\/uploads\/2022\/01\/cropped-Frame1.png","width":1892,"height":836,"caption":"Agro Projets \u00c9tudes"},"image":{"@id":"https:\/\/www.agroprojetsetudes.fr\/#\/schema\/logo\/image\/"},"sameAs":["https:\/\/www.facebook.com\/AgroProjetsEtudes","https:\/\/www.instagram.com\/agroprojetsetudes\/","https:\/\/www.linkedin.com\/company\/agroprojetsetudes\/mycompany\/"]}]}},"uagb_featured_image_src":{"full":false,"thumbnail":false,"medium":false,"medium_large":false,"large":false,"1536x1536":false,"2048x2048":false},"uagb_author_info":{"display_name":"admin9979","author_link":"https:\/\/www.agroprojetsetudes.fr\/index.php\/author\/admin9979\/"},"uagb_comment_info":0,"uagb_excerpt":"D\u00e9couvrez notre histoire depuis la cr\u00e9ation de la Junior entreprise APE \u00e0 l&rsquo;Isara : Le mouvement des Junior-Entreprises, acteur historique du paysage \u00e9tudiant fran\u00e7ais depuis pr\u00e8s de 50 ans, s\u2019impose comme le premier mouvement \u00e9tudiant de France. Implant\u00e9es dans environ 200 \u00e9tablissements d\u2019enseignement sup\u00e9rieur r\u00e9partis sur 83 villes, les Junior-Entreprises offrent aux entreprises un acc\u00e8s\u2026","_links":{"self":[{"href":"https:\/\/www.agroprojetsetudes.fr\/index.php\/wp-json\/wp\/v2\/pages\/165","targetHints":{"allow":["GET"]}}],"collection":[{"href":"https:\/\/www.agroprojetsetudes.fr\/index.php\/wp-json\/wp\/v2\/pages"}],"about":[{"href":"https:\/\/www.agroprojetsetudes.fr\/index.php\/wp-json\/wp\/v2\/types\/page"}],"author":[{"embeddable":true,"href":"https:\/\/www.agroprojetsetudes.fr\/index.php\/wp-json\/wp\/v2\/users\/1"}],"replies":[{"embeddable":true,"href":"https:\/\/www.agroprojetsetudes.fr\/index.php\/wp-json\/wp\/v2\/comments?post=165"}],"version-history":[{"count":90,"href":"https:\/\/www.agroprojetsetudes.fr\/index.php\/wp-json\/wp\/v2\/pages\/165\/revisions"}],"predecessor-version":[{"id":3551,"href":"https:\/\/www.agroprojetsetudes.fr\/index.php\/wp-json\/wp\/v2\/pages\/165\/revisions\/3551"}],"wp:attachment":[{"href":"https:\/\/www.agroprojetsetudes.fr\/index.php\/wp-json\/wp\/v2\/media?parent=165"}],"curies":[{"name":"wp","href":"https:\/\/api.w.org\/{rel}","templated":true}]}}